{"id":13505,"date":"2025-08-24T20:11:19","date_gmt":"2025-08-24T18:11:19","guid":{"rendered":"https:\/\/skinandsoulaesthetik.de\/?page_id=13505"},"modified":"2025-11-17T08:26:15","modified_gmt":"2025-11-17T07:26:15","slug":"elementor-13505","status":"publish","type":"page","link":"https:\/\/skinandsoulaesthetik.de\/?page_id=13505","title":{"rendered":"Kontakt"},"content":{"rendered":"\t\t<div data-elementor-type=\"wp-page\" data-elementor-id=\"13505\" class=\"elementor elementor-13505\">\n\t\t\t\t<div class=\"elementor-element elementor-element-b6bce68 e-flex e-con-boxed e-con e-parent\" data-id=\"b6bce68\" data-element_type=\"container\" data-e-type=\"container\">\n\t\t\t\t\t<div class=\"e-con-inner\">\n\t\t\t\t\t<\/div>\n\t\t\t\t<\/div>\n\t\t<div class=\"elementor-element elementor-element-90250f2 e-flex e-con-boxed e-con e-parent\" data-id=\"90250f2\" data-element_type=\"container\" data-e-type=\"container\">\n\t\t\t\t\t<div class=\"e-con-inner\">\n\t\t\t\t<div class=\"elementor-element elementor-element-65c595c elementor-widget elementor-widget-text-editor\" data-id=\"65c595c\" data-element_type=\"widget\" data-e-type=\"widget\" data-widget_type=\"text-editor.default\">\n\t\t\t\t\t\t\t\t\t<p><strong>Kontakt:<\/strong><\/p><p>info@skinandsoulaesthetik.de<\/p><p>0160-7655000<\/p><p>Instagram: skinandsoulaesthetik<\/p><p>Terminvergabe jetzt auch online unter:<\/p><p>https:\/\/www.terminland.de\/info.skinandsoulaesthetik\/<\/p><p><img decoding=\"async\" src=\"https:\/\/api.qrserver.com\/v1\/create-qr-code\/?size=100x100&amp;data=https%3a%2f%2fwww.terminland.de%2finfo.skinandsoulaesthetik%2f\" \/><\/p><p><strong>Sie finden uns:<\/strong><\/p><p>Karl-Marx-Stra\u00dfe 11<\/p><p>38102 Braunschweig<\/p><p>Der Eingang befindet sich in einem Hinterhof<\/p><p>Hier finden Sie auch eine begrenzte Anzahl kostenloser Parkpl\u00e4tze<\/p><p>Impressum<br \/>Angaben gem\u00e4\u00df \u00a7 5 TMG:<\/p><p>Ohm und Pawelczyk Group<br \/>Annenstra\u00dfe 20, 30171 Hannover<br \/>Kontakt:<br \/>Telefon: 01607655000<br \/>E-Mail: info@skinandsoulaesthetik.de<\/p><p>Verantwortlich f\u00fcr den Inhalt nach \u00a7 55 Abs. 2 RStV:<br \/>Ohm und Pawelczyk Group<br \/>Annenstra\u00dfe 20, 30171 Hannover<\/p><p>Haftungsausschluss:<br \/>Haftung f\u00fcr Inhalte: Die Inhalte dieser Seite wurden mit gr\u00f6\u00dfter Sorgfalt erstellt. F\u00fcr die Richtigkeit, Vollst\u00e4ndigkeit und Aktualit\u00e4t der Inhalte k\u00f6nnen wir jedoch keine Gew\u00e4hr \u00fcbernehmen.<\/p><p>Urheberrecht:<br \/>Die durch uns erstellten Inhalte und Werke auf diesen Seiten unterliegen dem deutschen Urheberrecht. Die Vervielf\u00e4ltigung, Bearbeitung, Verbreitung und jede Art der Verwertung au\u00dferhalb der Grenzen des Urheberrechts bed\u00fcrfen unserer schriftlichen Zustimmung. Downloads und Kopien dieser Seite sind nur f\u00fcr den privaten, nicht kommerziellen Gebrauch gestattet.<\/p><p>Datenschutz:<br \/>Die Nutzung unserer Webseite ist in der Regel ohne Angabe personenbezogener Daten m\u00f6glich. Soweit auf unseren Seiten personenbezogene Daten (beispielsweise Name, Anschrift oder E-Mail-Adresse) erhoben werden, erfolgt dies, soweit m\u00f6glich, stets auf freiwilliger Basis.<\/p>\t\t\t\t\t\t\t\t<\/div>\n\t\t\t\t\t<\/div>\n\t\t\t\t<\/div>\n\t\t\t\t<\/div>\n\t\t","protected":false},"excerpt":{"rendered":"<p>Kontakt: info@skinandsoulaesthetik.de 0160-7655000 Instagram: skinandsoulaesthetik Terminvergabe jetzt auch online unter: https:\/\/www.terminland.de\/info.skinandsoulaesthetik\/ Sie finden uns: Karl-Marx-Stra\u00dfe 11 38102 Braunschweig Der Eingang befindet sich in einem Hinterhof Hier finden Sie auch eine begrenzte Anzahl kostenloser Parkpl\u00e4tze ImpressumAngaben gem\u00e4\u00df \u00a7 5 TMG: Ohm und Pawelczyk GroupAnnenstra\u00dfe 20, 30171 HannoverKontakt:Telefon: 01607655000E-Mail: info@skinandsoulaesthetik.de Verantwortlich f\u00fcr den Inhalt nach \u00a7 55&#8230;<\/p>\n","protected":false},"author":1,"featured_media":0,"parent":0,"menu_order":0,"comment_status":"closed","ping_status":"closed","template":"","meta":{"_tbt_post_transparent":"","_tbt_post_title":"hide","_tbt_post_layout":"fullwidth","_tbt_post_sidebar_id":"","_tbt_post_content_style":"unboxed","_tbt_post_vertical_padding":"hide","_tbt_post_feature":"hide","_tbt_post_feature_position":"","_tbt_post_header":false,"_tbt_post_footer":false},"class_list":["post-13505","page","type-page","status-publish","hentry"],"_links":{"self":[{"href":"https:\/\/skinandsoulaesthetik.de\/index.php?rest_route=\/wp\/v2\/pages\/13505","targetHints":{"allow":["GET"]}}],"collection":[{"href":"https:\/\/skinandsoulaesthetik.de\/index.php?rest_route=\/wp\/v2\/pages"}],"about":[{"href":"https:\/\/skinandsoulaesthetik.de\/index.php?rest_route=\/wp\/v2\/types\/page"}],"author":[{"embeddable":true,"href":"https:\/\/skinandsoulaesthetik.de\/index.php?rest_route=\/wp\/v2\/users\/1"}],"replies":[{"embeddable":true,"href":"https:\/\/skinandsoulaesthetik.de\/index.php?rest_route=%2Fwp%2Fv2%2Fcomments&post=13505"}],"version-history":[{"count":40,"href":"https:\/\/skinandsoulaesthetik.de\/index.php?rest_route=\/wp\/v2\/pages\/13505\/revisions"}],"predecessor-version":[{"id":13680,"href":"https:\/\/skinandsoulaesthetik.de\/index.php?rest_route=\/wp\/v2\/pages\/13505\/revisions\/13680"}],"wp:attachment":[{"href":"https:\/\/skinandsoulaesthetik.de\/index.php?rest_route=%2Fwp%2Fv2%2Fmedia&parent=13505"}],"curies":[{"name":"wp","href":"https:\/\/api.w.org\/{rel}","templated":true}]}}