{"id":13479,"date":"2025-08-24T20:06:52","date_gmt":"2025-08-24T18:06:52","guid":{"rendered":"https:\/\/skinandsoulaesthetik.de\/?page_id=13479"},"modified":"2025-10-29T11:12:12","modified_gmt":"2025-10-29T10:12:12","slug":"bahandlungen","status":"publish","type":"page","link":"https:\/\/skinandsoulaesthetik.de\/?page_id=13479","title":{"rendered":"Behandlungen"},"content":{"rendered":"\t\t<div data-elementor-type=\"wp-page\" data-elementor-id=\"13479\" class=\"elementor elementor-13479\">\n\t\t\t\t<div class=\"elementor-element elementor-element-3f1e32d e-flex e-con-boxed e-con e-parent\" data-id=\"3f1e32d\" data-element_type=\"container\" data-e-type=\"container\">\n\t\t\t\t\t<div class=\"e-con-inner\">\n\t\t\t\t\t<\/div>\n\t\t\t\t<\/div>\n\t\t<div class=\"elementor-element elementor-element-e8f9693 e-flex e-con-boxed e-con e-parent\" data-id=\"e8f9693\" data-element_type=\"container\" data-e-type=\"container\">\n\t\t\t\t\t<div class=\"e-con-inner\">\n\t\t\t\t<div class=\"elementor-element elementor-element-e6b3477 elementor-widget elementor-widget-text-editor\" data-id=\"e6b3477\" data-element_type=\"widget\" data-e-type=\"widget\" data-widget_type=\"text-editor.default\">\n\t\t\t\t\t\t\t\t\t<p><strong>Neuromodulatoren<\/strong><\/p><p><span lang=\"EN-US\">Neuromodulatoren\u00a0\u00a0(Botulinumtoxin) wirken gezielt auf bestimmte mimische Muskeln ein, die durch st\u00e4ndige Anspannung Falten im Gesicht verursachen \u2013 zum Beispiel an Stirn, Zornesfalte oder Augenpartie. <\/span><span lang=\"EN-US\">Durch die Behandlung wird die Muskelaktivit\u00e4t sanft reduziert, ohne den nat\u00fcrlichen Gesichtsausdruck zu verlieren. Die Haut wirkt glatter, frischer und erholter. <\/span><\/p><p><span lang=\"EN-US\">Die Wirkung setzt nach 3 bis 14 Tagen ein und h\u00e4lt in der Regel 3\u20136 Monate an. Der Mindestabstand zwischen zwei Behandlungen sollte jedoch mindestens 3 Monate betragen. <\/span><span lang=\"EN-US\">Die Behandlung ist nahezu schmerzfrei und dauert in der Regel circa 15 Minuten. Man ist direkt nach der Behandlung gesellschaftsf\u00e4hig.\u00a0<\/span><\/p><p><span lang=\"EN-US\">Wir empfehlen Ihnen nach der Behandlung 4 Stunden den Kopf aufrecht zu halten, 48 Stunden keinen Sport zu machen und 7 Tage intensive Sonneneinstrahlung, oder Solarium zu vermeiden.\u00a0<\/span><\/p><p><span lang=\"EN-US\">\u00a0<\/span><strong>Hyalurons\u00e4ure<\/strong><\/p><p><span lang=\"EN-US\">Hyalurons\u00e4ure ist ein stark wasserbindendes Molek\u00fcl, das in der Lage ist, das bis zu 1.000-Fache seines Eigengewichts an Feuchtigkeit zu speichern. Mit zunehmendem Alter verliert die\u00a0\u00a0Haut an Volumen. Dadurch wirkt die Haut\u00a0\u00a0m\u00fcder, Konturen verlieren an Definition und F\u00e4ltchen entstehen. <\/span><span lang=\"EN-US\">In der \u00e4sthetischen Medizin wird Hyalurons\u00e4ure gezielt eingesetzt, um Volumen aufzuf\u00fcllen, feine Linien zu gl\u00e4tten oder Gesichtsz\u00fcge sanft zu modellieren \u2013 unter Anderem im Bereich der Lippen, Wangen, Nasolabialfalten oder Kinnlinie. <\/span><span lang=\"EN-US\">Die Wirkung ist sofort sichtbar und h\u00e4lt in der Regel mehrere Monate an. <\/span><\/p><p><span lang=\"EN-US\">Die Behandlung ist nahezu schmerzfrei und dauert in der Regel circa 15 Minuten. Die Entstehung von kleinen blauen Flecken und Schwellung des Gewebes ist m\u00f6glich.<\/span><\/p><p><span lang=\"EN-US\">Wir empfehlen Ihnen nach der Behandlung 48 Stunden keinen Sport zu machen und 7 Tage intensive Sonneneinstrahlung oder Solarium zu vermeiden.\u00a0<\/span><\/p>\t\t\t\t\t\t\t\t<\/div>\n\t\t\t\t\t<\/div>\n\t\t\t\t<\/div>\n\t\t\t\t<\/div>\n\t\t","protected":false},"excerpt":{"rendered":"<p>Neuromodulatoren Neuromodulatoren\u00a0\u00a0(Botulinumtoxin) wirken gezielt auf bestimmte mimische Muskeln ein, die durch st\u00e4ndige Anspannung Falten im Gesicht verursachen \u2013 zum Beispiel an Stirn, Zornesfalte oder Augenpartie. Durch die Behandlung wird die Muskelaktivit\u00e4t sanft reduziert, ohne den nat\u00fcrlichen Gesichtsausdruck zu verlieren. Die Haut wirkt glatter, frischer und erholter. Die Wirkung setzt nach 3 bis 14 Tagen ein&#8230;<\/p>\n","protected":false},"author":1,"featured_media":0,"parent":0,"menu_order":0,"comment_status":"closed","ping_status":"closed","template":"","meta":{"_tbt_post_transparent":"","_tbt_post_title":"hide","_tbt_post_layout":"fullwidth","_tbt_post_sidebar_id":"","_tbt_post_content_style":"unboxed","_tbt_post_vertical_padding":"hide","_tbt_post_feature":"hide","_tbt_post_feature_position":"","_tbt_post_header":false,"_tbt_post_footer":false},"class_list":["post-13479","page","type-page","status-publish","hentry"],"_links":{"self":[{"href":"https:\/\/skinandsoulaesthetik.de\/index.php?rest_route=\/wp\/v2\/pages\/13479","targetHints":{"allow":["GET"]}}],"collection":[{"href":"https:\/\/skinandsoulaesthetik.de\/index.php?rest_route=\/wp\/v2\/pages"}],"about":[{"href":"https:\/\/skinandsoulaesthetik.de\/index.php?rest_route=\/wp\/v2\/types\/page"}],"author":[{"embeddable":true,"href":"https:\/\/skinandsoulaesthetik.de\/index.php?rest_route=\/wp\/v2\/users\/1"}],"replies":[{"embeddable":true,"href":"https:\/\/skinandsoulaesthetik.de\/index.php?rest_route=%2Fwp%2Fv2%2Fcomments&post=13479"}],"version-history":[{"count":22,"href":"https:\/\/skinandsoulaesthetik.de\/index.php?rest_route=\/wp\/v2\/pages\/13479\/revisions"}],"predecessor-version":[{"id":13650,"href":"https:\/\/skinandsoulaesthetik.de\/index.php?rest_route=\/wp\/v2\/pages\/13479\/revisions\/13650"}],"wp:attachment":[{"href":"https:\/\/skinandsoulaesthetik.de\/index.php?rest_route=%2Fwp%2Fv2%2Fmedia&parent=13479"}],"curies":[{"name":"wp","href":"https:\/\/api.w.org\/{rel}","templated":true}]}}