{"id":13461,"date":"2025-08-24T19:57:38","date_gmt":"2025-08-24T17:57:38","guid":{"rendered":"https:\/\/skinandsoulaesthetik.de\/?page_id=13461"},"modified":"2025-11-24T08:03:03","modified_gmt":"2025-11-24T07:03:03","slug":"elementor-13461","status":"publish","type":"page","link":"https:\/\/skinandsoulaesthetik.de\/?page_id=13461","title":{"rendered":"Preise"},"content":{"rendered":"\t\t<div data-elementor-type=\"wp-page\" data-elementor-id=\"13461\" class=\"elementor elementor-13461\">\n\t\t\t\t<div class=\"elementor-element elementor-element-668b398 e-con-full e-flex e-con e-parent\" data-id=\"668b398\" data-element_type=\"container\" data-e-type=\"container\">\n\t\t\t\t<div class=\"elementor-element elementor-element-7ed26f9 e-transform elementor-widget elementor-widget-text-editor\" data-id=\"7ed26f9\" data-element_type=\"widget\" data-e-type=\"widget\" data-settings=\"{&quot;_transform_translateX_effect&quot;:{&quot;unit&quot;:&quot;px&quot;,&quot;size&quot;:&quot;&quot;,&quot;sizes&quot;:[]},&quot;_transform_translateX_effect_tablet&quot;:{&quot;unit&quot;:&quot;px&quot;,&quot;size&quot;:&quot;&quot;,&quot;sizes&quot;:[]},&quot;_transform_translateX_effect_mobile&quot;:{&quot;unit&quot;:&quot;px&quot;,&quot;size&quot;:&quot;&quot;,&quot;sizes&quot;:[]},&quot;_transform_translateY_effect&quot;:{&quot;unit&quot;:&quot;px&quot;,&quot;size&quot;:&quot;&quot;,&quot;sizes&quot;:[]},&quot;_transform_translateY_effect_tablet&quot;:{&quot;unit&quot;:&quot;px&quot;,&quot;size&quot;:&quot;&quot;,&quot;sizes&quot;:[]},&quot;_transform_translateY_effect_mobile&quot;:{&quot;unit&quot;:&quot;px&quot;,&quot;size&quot;:&quot;&quot;,&quot;sizes&quot;:[]}}\" data-widget_type=\"text-editor.default\">\n\t\t\t\t\t\t\t\t\t<p>\u00a0<\/p><p><span style=\"text-decoration: underline;\">Neuromodulatoren (Botulinumtoxin)<\/span><br \/>Browlift, Lip Flip, Mundwinkel (DAO), Gummy Smile, Erdbeerkinn je ab 99 Euro <br \/>Zornesfalte, Stirnfalten, Kr\u00e4henf\u00fc\u00dfe, Bunny lines je ab 159 Euro <br \/>Kaumuskel (Masseter oder Temporalis) ab 249 Euro<br \/>\u00dcberm\u00e4\u00dfiges Schwitzen im Bereich der Achseln ab 499 Euro<br \/>Trapezius Botox zur Nackenverschm\u00e4lerung ab 499 Euro<\/p><p><span style=\"text-decoration: underline;\">Kombinationen:<\/span><br \/>2 Bereiche z.B. Zornesfalte und Stirnfalten, oder Zornesfalte und Kr\u00e4henf\u00fc\u00dfe ab 249 Euro <br \/>3 Bereiche: z.B. Zornesfalte mit Stirnfalten und Kr\u00e4henf\u00fc\u00dfe ab 349 Euro <br \/>4 Bereiche z.B. Zornesfalte, Stirnfalten, Kr\u00e4henf\u00fc\u00dfe und Bunny lines ab 449 Euro<\/p><p><span style=\"text-decoration: underline;\">Hyalurons\u00e4ure<\/span><br \/>Lippen <br \/>0,7 ml ab 249 Euro <br \/>1ml ab 349 Euro<br \/>Wangen <br \/>1 ml ab 349 Euro<br \/>Hohlwange <br \/>1 ml ab 349 Euro <br \/>Schl\u00e4fe <br \/>1 ml ab 399 Euro <br \/>Tr\u00e4nenrinne <br \/>1 ml ab 399 Euro <br \/>Marionettenfalte<br \/>1 ml ab 349 Euro<br \/>Nasolabialfalte<br \/>1 ml ab 349 Euro<br \/>Kinn <br \/>1 ml ab 349 Euro<\/p><p>Hylase ab 200 Euro pro Sitzung, manchmal sind mehrere Sitzungen notwendig<\/p><p>Skinbooster 249 Euro pro Behandlung, wir empfehlen 2-3 Behandlungen im Abstand von 3-4 Wochen<\/p><p>Wir nutzen in unserer Praxis die Produkte von Allergan, Galderma, Merz und Teoxane<\/p>\t\t\t\t\t\t\t\t<\/div>\n\t\t\t\t<\/div>\n\t\t<div class=\"elementor-element elementor-element-34cf6ab e-flex e-con-boxed e-con e-parent\" data-id=\"34cf6ab\" data-element_type=\"container\" data-e-type=\"container\">\n\t\t\t\t\t<div class=\"e-con-inner\">\n\t\t\t\t\t<\/div>\n\t\t\t\t<\/div>\n\t\t\t\t<\/div>\n\t\t","protected":false},"excerpt":{"rendered":"<p>\u00a0 Neuromodulatoren (Botulinumtoxin)Browlift, Lip Flip, Mundwinkel (DAO), Gummy Smile, Erdbeerkinn je ab 99 Euro Zornesfalte, Stirnfalten, Kr\u00e4henf\u00fc\u00dfe, Bunny lines je ab 159 Euro Kaumuskel (Masseter oder Temporalis) ab 249 Euro\u00dcberm\u00e4\u00dfiges Schwitzen im Bereich der Achseln ab 499 EuroTrapezius Botox zur Nackenverschm\u00e4lerung ab 499 Euro Kombinationen:2 Bereiche z.B. Zornesfalte und Stirnfalten, oder Zornesfalte und Kr\u00e4henf\u00fc\u00dfe ab&#8230;<\/p>\n","protected":false},"author":1,"featured_media":0,"parent":0,"menu_order":0,"comment_status":"closed","ping_status":"closed","template":"","meta":{"_tbt_post_transparent":"","_tbt_post_title":"hide","_tbt_post_layout":"fullwidth","_tbt_post_sidebar_id":"","_tbt_post_content_style":"unboxed","_tbt_post_vertical_padding":"hide","_tbt_post_feature":"hide","_tbt_post_feature_position":"","_tbt_post_header":false,"_tbt_post_footer":false},"class_list":["post-13461","page","type-page","status-publish","hentry"],"_links":{"self":[{"href":"https:\/\/skinandsoulaesthetik.de\/index.php?rest_route=\/wp\/v2\/pages\/13461","targetHints":{"allow":["GET"]}}],"collection":[{"href":"https:\/\/skinandsoulaesthetik.de\/index.php?rest_route=\/wp\/v2\/pages"}],"about":[{"href":"https:\/\/skinandsoulaesthetik.de\/index.php?rest_route=\/wp\/v2\/types\/page"}],"author":[{"embeddable":true,"href":"https:\/\/skinandsoulaesthetik.de\/index.php?rest_route=\/wp\/v2\/users\/1"}],"replies":[{"embeddable":true,"href":"https:\/\/skinandsoulaesthetik.de\/index.php?rest_route=%2Fwp%2Fv2%2Fcomments&post=13461"}],"version-history":[{"count":52,"href":"https:\/\/skinandsoulaesthetik.de\/index.php?rest_route=\/wp\/v2\/pages\/13461\/revisions"}],"predecessor-version":[{"id":13686,"href":"https:\/\/skinandsoulaesthetik.de\/index.php?rest_route=\/wp\/v2\/pages\/13461\/revisions\/13686"}],"wp:attachment":[{"href":"https:\/\/skinandsoulaesthetik.de\/index.php?rest_route=%2Fwp%2Fv2%2Fmedia&parent=13461"}],"curies":[{"name":"wp","href":"https:\/\/api.w.org\/{rel}","templated":true}]}}