{"id":12866,"date":"2022-05-25T12:58:09","date_gmt":"2022-05-25T12:58:09","guid":{"rendered":"https:\/\/wp.themedemo.org\/WP01\/WP012\/?page_id=20"},"modified":"2025-10-18T18:14:28","modified_gmt":"2025-10-18T16:14:28","slug":"home","status":"publish","type":"page","link":"https:\/\/skinandsoulaesthetik.de\/","title":{"rendered":"Home"},"content":{"rendered":"\t\t<div data-elementor-type=\"wp-page\" data-elementor-id=\"12866\" class=\"elementor elementor-12866\">\n\t\t\t\t\t\t<div class=\"elementor-section elementor-top-section elementor-element elementor-element-560982a elementor-section-height-min-height elementor-section-stretched elementor-section-boxed elementor-section-height-default elementor-section-items-middle\" data-id=\"560982a\" data-element_type=\"section\" data-e-type=\"section\" data-settings=\"{&quot;stretch_section&quot;:&quot;section-stretched&quot;,&quot;background_background&quot;:&quot;classic&quot;}\">\n\t\t\t\t\t\t<div class=\"elementor-container elementor-column-gap-default\">\n\t\t\t\t\t<div class=\"elementor-column elementor-col-100 elementor-top-column elementor-element elementor-element-fb904bf\" data-id=\"fb904bf\" data-element_type=\"column\" data-e-type=\"column\" data-settings=\"{&quot;background_background&quot;:&quot;classic&quot;}\">\n\t\t\t<div class=\"elementor-widget-wrap elementor-element-populated\">\n\t\t\t\t\t\t<div class=\"elementor-element elementor-element-216cd39 elementor-widget-tablet__width-initial elementor-widget elementor-widget-icon-box\" data-id=\"216cd39\" data-element_type=\"widget\" data-e-type=\"widget\" data-widget_type=\"icon-box.default\">\n\t\t\t\t\t\t\t<div class=\"elementor-icon-box-wrapper\">\n\n\t\t\t\n\t\t\t\t\t\t<div class=\"elementor-icon-box-content\">\n\n\t\t\t\t\t\t\t\t\t<h5 class=\"elementor-icon-box-title\">\n\t\t\t\t\t\t<span  >\n\t\t\t\t\t\t\tWillkommen in Ihrer Praxis f\u00fcr \u00e4sthetische Medizin \u2013 wo Nat\u00fcrlichkeit im Mittelpunkt steht.\t\t\t\t\t\t<\/span>\n\t\t\t\t\t<\/h5>\n\t\t\t\t\n\t\t\t\t\t\t\t\t\t<p class=\"elementor-icon-box-description\">\n\t\t\t\t\t\tSch\u00f6nheit ist keine Frage des Ideals \u2013 sondern der Harmonie, Ausstrahlung und Selbstzufriedenheit. In unserer Praxis nehmen wir uns Zeit f\u00fcr Sie, Ihre W\u00fcnsche und Ihre Individualit\u00e4t.\n\n<br><br>\nMit jahrelanger Erfahrung in der \u00e4sthetischen Medizin haben wir uns auf Behandlungen mit Botulinumtoxin  und Hyalurons\u00e4ure spezialisiert. Unseres Ziel ist es, die nat\u00fcrliche Sch\u00f6nheit unserer Patientinnen und Patienten zu betonen, ohne dabei die individuelle Ausstrahlung zu ver\u00e4ndern.\n<br><br>\nJeder Mensch besitzt einzigartige Merkmale, die ihn besonders machen \u2013 genau diese m\u00f6chten wir hervorheben. Mit viel Feingef\u00fchl, Pr\u00e4zision und einem Blick f\u00fcr \u00c4sthetik legen wir Wert auf Ergebnisse, die frisch, harmonisch und nat\u00fcrlich wirken.\n<br><br>\nIn unserer Privatpraxis erwartet Sie eine pers\u00f6nliche, vertrauensvolle Atmosph\u00e4re, in der Ihre W\u00fcnsche und Ihr Wohlbefinden im Mittelpunkt stehen. Gemeinsam finden wir die Behandlung, die optimal zu Ihnen passt \u2013 f\u00fcr ein Aussehen, das zu Ihnen geh\u00f6rt und Ihre nat\u00fcrliche Ausstrahlung unterstreicht.\n<br><br>\n\n\nVertrauen, Kompetenz und Nat\u00fcrlichkeit \u2013 daf\u00fcr stehen wir.\n <br> <br>\n\nTermine nach Vereinbarung. Sie erreichen uns per Email, Telefon (Whatsapp oder SMS) oder \u00fcber Instagram, oder jetzt auch neu online unter: \n<br>\n<a style=\"color:pink\" href=\"https:\/\/www.terminland.de\/info.skinandsoulaesthetik\/\">Online-Terminbuchung<\/a>\n<br>\n<br>\nWir freuen uns auf Sie.<br><br>Ihre<br><br>Dr. Lea Ohm und Michal Pawelczyk<br><br>\t\t\t\t\t<\/p>\n\t\t\t\t\n\t\t\t<\/div>\n\t\t\t\n\t\t<\/div>\n\t\t\t\t\t\t<\/div>\n\t\t\t\t\t<\/div>\n\t\t<\/div>\n\t\t\t\t\t<\/div>\n\t\t<\/div>\n\t\t\t\t<\/div>\n\t\t","protected":false},"excerpt":{"rendered":"<p>Willkommen in Ihrer Praxis f\u00fcr \u00e4sthetische Medizin \u2013 wo Nat\u00fcrlichkeit im Mittelpunkt steht. Sch\u00f6nheit ist keine Frage des Ideals \u2013 sondern der Harmonie, Ausstrahlung und Selbstzufriedenheit. In unserer Praxis nehmen wir uns Zeit f\u00fcr Sie, Ihre W\u00fcnsche und Ihre Individualit\u00e4t. Mit jahrelanger Erfahrung in der \u00e4sthetischen Medizin haben wir uns auf Behandlungen mit Botulinumtoxin und&#8230;<\/p>\n","protected":false},"author":1,"featured_media":0,"parent":0,"menu_order":0,"comment_status":"closed","ping_status":"closed","template":"","meta":{"_tbt_post_transparent":"","_tbt_post_title":"hide","_tbt_post_layout":"normal","_tbt_post_sidebar_id":"","_tbt_post_content_style":"default","_tbt_post_vertical_padding":"hide","_tbt_post_feature":"hide","_tbt_post_feature_position":"","_tbt_post_header":false,"_tbt_post_footer":false},"class_list":["post-12866","page","type-page","status-publish","hentry"],"_links":{"self":[{"href":"https:\/\/skinandsoulaesthetik.de\/index.php?rest_route=\/wp\/v2\/pages\/12866","targetHints":{"allow":["GET"]}}],"collection":[{"href":"https:\/\/skinandsoulaesthetik.de\/index.php?rest_route=\/wp\/v2\/pages"}],"about":[{"href":"https:\/\/skinandsoulaesthetik.de\/index.php?rest_route=\/wp\/v2\/types\/page"}],"author":[{"embeddable":true,"href":"https:\/\/skinandsoulaesthetik.de\/index.php?rest_route=\/wp\/v2\/users\/1"}],"replies":[{"embeddable":true,"href":"https:\/\/skinandsoulaesthetik.de\/index.php?rest_route=%2Fwp%2Fv2%2Fcomments&post=12866"}],"version-history":[{"count":220,"href":"https:\/\/skinandsoulaesthetik.de\/index.php?rest_route=\/wp\/v2\/pages\/12866\/revisions"}],"predecessor-version":[{"id":13635,"href":"https:\/\/skinandsoulaesthetik.de\/index.php?rest_route=\/wp\/v2\/pages\/12866\/revisions\/13635"}],"wp:attachment":[{"href":"https:\/\/skinandsoulaesthetik.de\/index.php?rest_route=%2Fwp%2Fv2%2Fmedia&parent=12866"}],"curies":[{"name":"wp","href":"https:\/\/api.w.org\/{rel}","templated":true}]}}